{"id":33360,"date":"2025-06-20T15:41:07","date_gmt":"2025-06-20T12:41:07","guid":{"rendered":"https:\/\/azadkids.com\/?post_type=product&#038;p=33360"},"modified":"2025-07-13T15:41:03","modified_gmt":"2025-07-13T12:41:03","slug":"kadife-kiz-cocuk-elbisesi-model-4","status":"publish","type":"product","link":"https:\/\/azadkids.com\/tr\/urun\/kadife-kiz-cocuk-elbisesi-model-4\/","title":{"rendered":"Kadife K\u0131z \u00c7ocuk Elbisesi Model 4"},"content":{"rendered":"<div class=\"wpb-content-wrapper\"><p>[vc_row][vc_column][vc_column_text css=&#8221;&#8221;]<\/p>\n<h3 data-start=\"104\" data-end=\"127\">\ud83d\udca1 <strong data-start=\"111\" data-end=\"127\">Genel A\u00e7\u0131klama:<\/strong><\/h3>\n<p data-start=\"128\" data-end=\"300\">Pratik ve \u015f\u0131k erkek \u00e7ocuk kapri pantolonu, y\u00fcksek kaliteli &#8220;2 iplik&#8221; kuma\u015ftan \u00fcretilmi\u015ftir, her ya\u015ftaki \u00e7ocuklar i\u00e7in uygundur. Dayan\u0131kl\u0131l\u0131k ve konforu bir araya getiren rahat tasar\u0131m\u0131yla g\u00fcnl\u00fck kullan\u0131m, okul veya d\u0131\u015far\u0131 \u00e7\u0131kmak i\u00e7in idealdir.<\/p>\n<h3 data-start=\"307\" data-end=\"327\">\u2705 <strong data-start=\"313\" data-end=\"327\">\u00d6zellikler:<\/strong><\/h3>\n<ul data-start=\"328\" data-end=\"657\">\n<li data-start=\"328\" data-end=\"392\">\n<p data-start=\"330\" data-end=\"392\"><strong data-start=\"330\" data-end=\"341\">Kuma\u015f:<\/strong> Yumu\u015fak ve dayan\u0131kl\u0131 &#8220;2 iplik&#8221; kuma\u015f (pamuk ve polyester kar\u0131\u015f\u0131m\u0131)<\/p>\n<\/li>\n<li data-start=\"393\" data-end=\"438\">\n<p data-start=\"395\" data-end=\"438\"><strong data-start=\"395\" data-end=\"407\">Tasar\u0131m:<\/strong> Kapri (dize kadar k\u0131sa pantolon)<\/p>\n<\/li>\n<li data-start=\"439\" data-end=\"494\">\n<p data-start=\"441\" data-end=\"494\"><strong data-start=\"441\" data-end=\"451\">Bel:<\/strong> Konfor i\u00e7in ayarlanabilir ba\u011fc\u0131kl\u0131 lastikli bel<\/p>\n<\/li>\n<li data-start=\"495\" data-end=\"537\">\n<p data-start=\"497\" data-end=\"537\"><strong data-start=\"497\" data-end=\"508\">Cepler:<\/strong> Pratik yan ceplere sahiptir<\/p>\n<\/li>\n<li data-start=\"538\" data-end=\"606\">\n<p data-start=\"540\" data-end=\"606\"><strong data-start=\"540\" data-end=\"561\">Mevcut Renkler:<\/strong> Stoklara ba\u011fl\u0131 olarak (\u00f6rn: lacivert, gri, haki, siyah)<\/p>\n<\/li>\n<li data-start=\"607\" data-end=\"657\">\n<p data-start=\"609\" data-end=\"657\"><strong data-start=\"609\" data-end=\"622\">Bedenler:<\/strong> 4 ya\u015f\u0131ndan 14 ya\u015f\u0131na kadar (stok durumuna g\u00f6re)<\/p>\n<\/li>\n<\/ul>\n<p>[\/vc_column_text][\/vc_column][\/vc_row]<\/p>\n<\/div>","protected":false},"excerpt":{"rendered":"<h3>Kadife K\u0131z \u00c7ocuk Elbisesi Model 4<\/h3>\n","protected":false},"featured_media":32700,"template":"","meta":[],"product_brand":[],"product_cat":[60],"product_tag":[],"class_list":{"0":"post-33360","1":"product","2":"type-product","3":"status-publish","4":"has-post-thumbnail","6":"product_cat-kizlar","8":"first","9":"instock","10":"shipping-taxable","11":"product-type-simple"},"_links":{"self":[{"href":"https:\/\/azadkids.com\/tr\/wp-json\/wp\/v2\/product\/33360","targetHints":{"allow":["GET"]}}],"collection":[{"href":"https:\/\/azadkids.com\/tr\/wp-json\/wp\/v2\/product"}],"about":[{"href":"https:\/\/azadkids.com\/tr\/wp-json\/wp\/v2\/types\/product"}],"wp:featuredmedia":[{"embeddable":true,"href":"https:\/\/azadkids.com\/tr\/wp-json\/wp\/v2\/media\/32700"}],"wp:attachment":[{"href":"https:\/\/azadkids.com\/tr\/wp-json\/wp\/v2\/media?parent=33360"}],"wp:term":[{"taxonomy":"product_brand","embeddable":true,"href":"https:\/\/azadkids.com\/tr\/wp-json\/wp\/v2\/product_brand?post=33360"},{"taxonomy":"product_cat","embeddable":true,"href":"https:\/\/azadkids.com\/tr\/wp-json\/wp\/v2\/product_cat?post=33360"},{"taxonomy":"product_tag","embeddable":true,"href":"https:\/\/azadkids.com\/tr\/wp-json\/wp\/v2\/product_tag?post=33360"}],"curies":[{"name":"wp","href":"https:\/\/api.w.org\/{rel}","templated":true}]}}